{"id":529,"date":"2018-11-26T12:45:27","date_gmt":"2018-11-26T11:45:27","guid":{"rendered":"http:\/\/www.innovapos.es\/home\/"},"modified":"2024-12-11T16:21:18","modified_gmt":"2024-12-11T15:21:18","slug":"inicio","status":"publish","type":"page","link":"https:\/\/www.innovapos.es\/en\/","title":{"rendered":"Home"},"content":{"rendered":"<div data-elementor-type=\"wp-page\" data-elementor-id=\"529\" class=\"elementor elementor-529\" data-elementor-post-type=\"page\">\n\t\t\t\t\t\t<section class=\"elementor-section elementor-top-section elementor-element elementor-element-5ec671b7 elementor-section-content-middle elementor-section-height-min-height elementor-section-full_width elementor-section-height-default elementor-section-items-middle\" data-id=\"5ec671b7\" data-element_type=\"section\" data-e-type=\"section\" data-settings=\"{&quot;background_background&quot;:&quot;classic&quot;}\">\n\t\t\t\t\t\t\t<div class=\"elementor-background-overlay\"><\/div>\n\t\t\t\t\t\t\t<div class=\"elementor-container elementor-column-gap-no\">\n\t\t\t\t\t<div class=\"elementor-column elementor-col-100 elementor-top-column elementor-element elementor-element-1ba84b9d\" data-id=\"1ba84b9d\" data-element_type=\"column\" data-e-type=\"column\">\n\t\t\t<div class=\"elementor-widget-wrap elementor-element-populated\">\n\t\t\t\t\t\t<div class=\"elementor-element elementor-element-63360b64 elementor-widget elementor-widget-heading\" data-id=\"63360b64\" data-element_type=\"widget\" data-e-type=\"widget\" data-widget_type=\"heading.default\">\n\t\t\t\t<div class=\"elementor-widget-container\">\n\t\t\t\t\t<h1 class=\"elementor-heading-title elementor-size-default\">Innova POS<\/h1>\t\t\t\t<\/div>\n\t\t\t\t<\/div>\n\t\t\t\t<div class=\"elementor-element elementor-element-660e715a elementor-widget elementor-widget-heading\" data-id=\"660e715a\" data-element_type=\"widget\" data-e-type=\"widget\" data-widget_type=\"heading.default\">\n\t\t\t\t<div class=\"elementor-widget-container\">\n\t\t\t\t\t<h5 class=\"elementor-heading-title elementor-size-medium\">The Smart Engineering Co.<\/h5>\t\t\t\t<\/div>\n\t\t\t\t<\/div>\n\t\t\t\t\t<\/div>\n\t\t<\/div>\n\t\t\t\t\t<\/div>\n\t\t<\/section>\n\t\t\t\t<section class=\"elementor-section elementor-top-section elementor-element elementor-element-3f506a9d elementor-section-content-middle elementor-section-boxed elementor-section-height-default elementor-section-height-default\" data-id=\"3f506a9d\" data-element_type=\"section\" data-e-type=\"section\" data-settings=\"{&quot;background_background&quot;:&quot;classic&quot;}\">\n\t\t\t\t\t\t<div class=\"elementor-container elementor-column-gap-no\">\n\t\t\t\t\t<div class=\"elementor-column elementor-col-100 elementor-top-column elementor-element elementor-element-74aefa7f\" data-id=\"74aefa7f\" data-element_type=\"column\" data-e-type=\"column\">\n\t\t\t<div class=\"elementor-widget-wrap elementor-element-populated\">\n\t\t\t\t\t\t<div class=\"elementor-element elementor-element-f8276d7 elementor-widget elementor-widget-heading\" data-id=\"f8276d7\" data-element_type=\"widget\" data-e-type=\"widget\" data-widget_type=\"heading.default\">\n\t\t\t\t<div class=\"elementor-widget-container\">\n\t\t\t\t\t<h2 class=\"elementor-heading-title elementor-size-default\">Innova POS<\/h2>\t\t\t\t<\/div>\n\t\t\t\t<\/div>\n\t\t\t\t<div class=\"elementor-element elementor-element-de13497 elementor-widget elementor-widget-text-editor\" data-id=\"de13497\" data-element_type=\"widget\" data-e-type=\"widget\" data-widget_type=\"text-editor.default\">\n\t\t\t\t<div class=\"elementor-widget-container\">\n\t\t\t\t\t\t\t\t\t<p><span style=\"font-size: large;\"><b>InnovaPOS<\/b> is an independent engineering and software boutique that manufactures and internationally markets solutions for the transformation of traditional devices or systems into intelligent and connected ones...<\/span><\/p><p><span style=\"color: #515151; font-size: large;\"><b>InnovaPOS<\/b> is a company composed of professionals with more than 25 years of experience in the engineering and advertising sector.<\/span><\/p><p><span style=\"color: #515151; font-size: large;\">Large Advertisers, Media Centers, Advertising or Event Agencies and even outdoor exclusivity agencies have worked with <b>InnovaPOS<\/b> to full satisfaction in the realization of brand activations and special actions in outdoor media. <b>InnovaPOS<\/b> carries out and certifies electrical projects for the installation of stands in complex environments such as airports or train stations.<\/span><\/p><p><span style=\"color: #515151; font-size: large;\"><b>InnovaPOS<\/b> has extensive experience in the development and implementation of R&amp;D projects, properly managing the fiscal and financial aids that Europe and Spain make available (Tax deductions for R&amp;D&amp;I, Horizon 2020, AEESD, CDTI, Strategic Aids, Patentbox...).<\/span><\/p><p><span style=\"color: #515151; font-size: large;\">The professionals of <b>InnovaPOS<\/b> work with their clients in every phase of the project, guaranteeing its success thanks to their experience and a methodology proven in hundreds of projects.<\/span><\/p><p><span style=\"color: #515151; font-size: large;\"><b>Commitment, Dedication and Professionalism<\/b>these are the defining characteristics of the team of <b>InnovaPOS<\/b>.<br \/><\/span><br \/><span style=\"color: #515151; font-size: large;\"><b>InnovaPOS<\/b> is firmly committed to Quality, environmental sustainability and Corporate Social Responsibility, that's why, <b>InnovaPOS<\/b> works with the guidelines of the International Standards ISO 9001:2015 and ISO 14001:2015 in all its processes.<br \/><\/span><br \/><span style=\"color: #515151; font-size: large;\">Personalized attention, trust, transparency and long-term commitment are key elements of our identity.<br \/><\/span><br \/><span style=\"color: #515151; font-size: large;\"><b>InnovaPOS<\/b> has the most advanced technological tools that enable excellence in after-sales service management.<br \/><\/span><\/p>\t\t\t\t\t\t\t\t<\/div>\n\t\t\t\t<\/div>\n\t\t\t\t\t<\/div>\n\t\t<\/div>\n\t\t\t\t\t<\/div>\n\t\t<\/section>\n\t\t\t\t<\/div>","protected":false},"excerpt":{"rendered":"<p>Innova POS The Smart Engineering Co. Innova POS InnovaPOS is an independent engineering and \"software boutique\" that manufactures and markets internationally solutions for the transformation of traditional devices or systems into intelligent and connected. InnovaPOS is a company made up of professionals with more than 25 years of experience in the engineering sector [...]<\/p>","protected":false},"author":1,"featured_media":0,"parent":0,"menu_order":0,"comment_status":"closed","ping_status":"closed","template":"","meta":{"site-sidebar-layout":"no-sidebar","site-content-layout":"page-builder","ast-site-content-layout":"default","site-content-style":"default","site-sidebar-style":"default","ast-global-header-display":"","ast-banner-title-visibility":"","ast-main-header-display":"","ast-hfb-above-header-display":"","ast-hfb-below-header-display":"","ast-hfb-mobile-header-display":"","site-post-title":"disabled","ast-breadcrumbs-content":"","ast-featured-img":"disabled","footer-sml-layout":"","ast-disable-related-posts":"","theme-transparent-header-meta":"enabled","adv-header-id-meta":"","stick-header-meta":"","header-above-stick-meta":"","header-main-stick-meta":"","header-below-stick-meta":"","astra-migrate-meta-layouts":"default","ast-page-background-enabled":"default","ast-page-background-meta":{"desktop":{"background-color":"","background-image":"","background-repeat":"repeat","background-position":"center center","background-size":"auto","background-attachment":"scroll","background-type":"","background-media":"","overlay-type":"","overlay-color":"","overlay-opacity":"","overlay-gradient":""},"tablet":{"background-color":"","background-image":"","background-repeat":"repeat","background-position":"center center","background-size":"auto","background-attachment":"scroll","background-type":"","background-media":"","overlay-type":"","overlay-color":"","overlay-opacity":"","overlay-gradient":""},"mobile":{"background-color":"","background-image":"","background-repeat":"repeat","background-position":"center center","background-size":"auto","background-attachment":"scroll","background-type":"","background-media":"","overlay-type":"","overlay-color":"","overlay-opacity":"","overlay-gradient":""}},"ast-content-background-meta":{"desktop":{"background-color":"var(--ast-global-color-5)","background-image":"","background-repeat":"repeat","background-position":"center center","background-size":"auto","background-attachment":"scroll","background-type":"","background-media":"","overlay-type":"","overlay-color":"","overlay-opacity":"","overlay-gradient":""},"tablet":{"background-color":"var(--ast-global-color-5)","background-image":"","background-repeat":"repeat","background-position":"center center","background-size":"auto","background-attachment":"scroll","background-type":"","background-media":"","overlay-type":"","overlay-color":"","overlay-opacity":"","overlay-gradient":""},"mobile":{"background-color":"var(--ast-global-color-5)","background-image":"","background-repeat":"repeat","background-position":"center center","background-size":"auto","background-attachment":"scroll","background-type":"","background-media":"","overlay-type":"","overlay-color":"","overlay-opacity":"","overlay-gradient":""}},"footnotes":""},"class_list":["post-529","page","type-page","status-publish","hentry"],"yoast_head":"<!-- This site is optimized with the Yoast SEO plugin v27.3 - https:\/\/yoast.com\/product\/yoast-seo-wordpress\/ -->\n<title>Inicio - InnovaPos<\/title>\n<meta name=\"robots\" content=\"index, follow, max-snippet:-1, max-image-preview:large, max-video-preview:-1\" \/>\n<link rel=\"canonical\" href=\"https:\/\/www.innovapos.es\/en\/\" \/>\n<meta property=\"og:locale\" content=\"en_US\" \/>\n<meta property=\"og:type\" content=\"article\" \/>\n<meta property=\"og:title\" content=\"Inicio - InnovaPos\" \/>\n<meta property=\"og:description\" content=\"Innova POS The Smart Engineering Co. Innova POS InnovaPOS es una ingenier\u00eda independiente y \u201cboutique de software\u201d que fabrica y comercializa internacionalmente soluciones para la transformaci\u00f3n de dispositivos o sistemas tradicionales, en inteligentes y conectados.. InnovaPOS es una compa\u00f1\u00eda compuesta por profesionales con m\u00e1s de 25 a\u00f1os de experiencia en el sector de la ingenier\u00eda [&hellip;]\" \/>\n<meta property=\"og:url\" content=\"https:\/\/www.innovapos.es\/en\/\" \/>\n<meta property=\"og:site_name\" content=\"InnovaPos\" \/>\n<meta property=\"article:modified_time\" content=\"2024-12-11T15:21:18+00:00\" \/>\n<meta name=\"twitter:card\" content=\"summary_large_image\" \/>\n<meta name=\"twitter:label1\" content=\"Est. reading time\" \/>\n\t<meta name=\"twitter:data1\" content=\"2 minutes\" \/>\n<script type=\"application\/ld+json\" class=\"yoast-schema-graph\">{\"@context\":\"https:\\\/\\\/schema.org\",\"@graph\":[{\"@type\":\"WebPage\",\"@id\":\"https:\\\/\\\/www.innovapos.es\\\/\",\"url\":\"https:\\\/\\\/www.innovapos.es\\\/\",\"name\":\"Inicio - InnovaPos\",\"isPartOf\":{\"@id\":\"https:\\\/\\\/www.innovapos.es\\\/#website\"},\"datePublished\":\"2018-11-26T11:45:27+00:00\",\"dateModified\":\"2024-12-11T15:21:18+00:00\",\"breadcrumb\":{\"@id\":\"https:\\\/\\\/www.innovapos.es\\\/#breadcrumb\"},\"inLanguage\":\"en-US\",\"potentialAction\":[{\"@type\":\"ReadAction\",\"target\":[\"https:\\\/\\\/www.innovapos.es\\\/\"]}]},{\"@type\":\"BreadcrumbList\",\"@id\":\"https:\\\/\\\/www.innovapos.es\\\/#breadcrumb\",\"itemListElement\":[{\"@type\":\"ListItem\",\"position\":1,\"name\":\"Portada\",\"item\":\"https:\\\/\\\/www.innovapos.es\\\/\"},{\"@type\":\"ListItem\",\"position\":2,\"name\":\"Inicio\"}]},{\"@type\":\"WebSite\",\"@id\":\"https:\\\/\\\/www.innovapos.es\\\/#website\",\"url\":\"https:\\\/\\\/www.innovapos.es\\\/\",\"name\":\"InnovaPos\",\"description\":\"Ingenier\u00eda y Boutique de Software\",\"publisher\":{\"@id\":\"https:\\\/\\\/www.innovapos.es\\\/#organization\"},\"potentialAction\":[{\"@type\":\"SearchAction\",\"target\":{\"@type\":\"EntryPoint\",\"urlTemplate\":\"https:\\\/\\\/www.innovapos.es\\\/?s={search_term_string}\"},\"query-input\":{\"@type\":\"PropertyValueSpecification\",\"valueRequired\":true,\"valueName\":\"search_term_string\"}}],\"inLanguage\":\"en-US\"},{\"@type\":\"Organization\",\"@id\":\"https:\\\/\\\/www.innovapos.es\\\/#organization\",\"name\":\"InnovaPos\",\"url\":\"https:\\\/\\\/www.innovapos.es\\\/\",\"logo\":{\"@type\":\"ImageObject\",\"inLanguage\":\"en-US\",\"@id\":\"https:\\\/\\\/www.innovapos.es\\\/#\\\/schema\\\/logo\\\/image\\\/\",\"url\":\"https:\\\/\\\/www.innovapos.es\\\/wp-content\\\/uploads\\\/2024\\\/12\\\/LogoInnovaPOS_Big.png\",\"contentUrl\":\"https:\\\/\\\/www.innovapos.es\\\/wp-content\\\/uploads\\\/2024\\\/12\\\/LogoInnovaPOS_Big.png\",\"width\":434,\"height\":120,\"caption\":\"InnovaPos\"},\"image\":{\"@id\":\"https:\\\/\\\/www.innovapos.es\\\/#\\\/schema\\\/logo\\\/image\\\/\"}}]}<\/script>\n<!-- \/ Yoast SEO plugin. -->","yoast_head_json":{"title":"Inicio - InnovaPos","robots":{"index":"index","follow":"follow","max-snippet":"max-snippet:-1","max-image-preview":"max-image-preview:large","max-video-preview":"max-video-preview:-1"},"canonical":"https:\/\/www.innovapos.es\/en\/","og_locale":"en_US","og_type":"article","og_title":"Inicio - InnovaPos","og_description":"Innova POS The Smart Engineering Co. Innova POS InnovaPOS es una ingenier\u00eda independiente y \u201cboutique de software\u201d que fabrica y comercializa internacionalmente soluciones para la transformaci\u00f3n de dispositivos o sistemas tradicionales, en inteligentes y conectados.. InnovaPOS es una compa\u00f1\u00eda compuesta por profesionales con m\u00e1s de 25 a\u00f1os de experiencia en el sector de la ingenier\u00eda [&hellip;]","og_url":"https:\/\/www.innovapos.es\/en\/","og_site_name":"InnovaPos","article_modified_time":"2024-12-11T15:21:18+00:00","twitter_card":"summary_large_image","twitter_misc":{"Est. reading time":"2 minutes"},"schema":{"@context":"https:\/\/schema.org","@graph":[{"@type":"WebPage","@id":"https:\/\/www.innovapos.es\/","url":"https:\/\/www.innovapos.es\/","name":"Inicio - InnovaPos","isPartOf":{"@id":"https:\/\/www.innovapos.es\/#website"},"datePublished":"2018-11-26T11:45:27+00:00","dateModified":"2024-12-11T15:21:18+00:00","breadcrumb":{"@id":"https:\/\/www.innovapos.es\/#breadcrumb"},"inLanguage":"en-US","potentialAction":[{"@type":"ReadAction","target":["https:\/\/www.innovapos.es\/"]}]},{"@type":"BreadcrumbList","@id":"https:\/\/www.innovapos.es\/#breadcrumb","itemListElement":[{"@type":"ListItem","position":1,"name":"Portada","item":"https:\/\/www.innovapos.es\/"},{"@type":"ListItem","position":2,"name":"Inicio"}]},{"@type":"WebSite","@id":"https:\/\/www.innovapos.es\/#website","url":"https:\/\/www.innovapos.es\/","name":"InnovaPos","description":"Ingenier\u00eda y Boutique de Software","publisher":{"@id":"https:\/\/www.innovapos.es\/#organization"},"potentialAction":[{"@type":"SearchAction","target":{"@type":"EntryPoint","urlTemplate":"https:\/\/www.innovapos.es\/?s={search_term_string}"},"query-input":{"@type":"PropertyValueSpecification","valueRequired":true,"valueName":"search_term_string"}}],"inLanguage":"en-US"},{"@type":"Organization","@id":"https:\/\/www.innovapos.es\/#organization","name":"InnovaPos","url":"https:\/\/www.innovapos.es\/","logo":{"@type":"ImageObject","inLanguage":"en-US","@id":"https:\/\/www.innovapos.es\/#\/schema\/logo\/image\/","url":"https:\/\/www.innovapos.es\/wp-content\/uploads\/2024\/12\/LogoInnovaPOS_Big.png","contentUrl":"https:\/\/www.innovapos.es\/wp-content\/uploads\/2024\/12\/LogoInnovaPOS_Big.png","width":434,"height":120,"caption":"InnovaPos"},"image":{"@id":"https:\/\/www.innovapos.es\/#\/schema\/logo\/image\/"}}]}},"_links":{"self":[{"href":"https:\/\/www.innovapos.es\/en\/wp-json\/wp\/v2\/pages\/529","targetHints":{"allow":["GET"]}}],"collection":[{"href":"https:\/\/www.innovapos.es\/en\/wp-json\/wp\/v2\/pages"}],"about":[{"href":"https:\/\/www.innovapos.es\/en\/wp-json\/wp\/v2\/types\/page"}],"author":[{"embeddable":true,"href":"https:\/\/www.innovapos.es\/en\/wp-json\/wp\/v2\/users\/1"}],"replies":[{"embeddable":true,"href":"https:\/\/www.innovapos.es\/en\/wp-json\/wp\/v2\/comments?post=529"}],"version-history":[{"count":233,"href":"https:\/\/www.innovapos.es\/en\/wp-json\/wp\/v2\/pages\/529\/revisions"}],"predecessor-version":[{"id":2142,"href":"https:\/\/www.innovapos.es\/en\/wp-json\/wp\/v2\/pages\/529\/revisions\/2142"}],"wp:attachment":[{"href":"https:\/\/www.innovapos.es\/en\/wp-json\/wp\/v2\/media?parent=529"}],"curies":[{"name":"wp","href":"https:\/\/api.w.org\/{rel}","templated":true}]}}